{"id":6666,"date":"2022-01-31T12:09:35","date_gmt":"2022-01-31T12:09:35","guid":{"rendered":"https:\/\/www.asesoriaorihuelacosta.com\/aviso-legal\/"},"modified":"2024-12-11T18:08:20","modified_gmt":"2024-12-11T18:08:20","slug":"aviso-legal","status":"publish","type":"page","link":"https:\/\/www.asesoriaorihuelacosta.com\/fr\/aviso-legal\/","title":{"rendered":"Aviso legal"},"content":{"rendered":"\n<h1 class=\"wp-block-heading has-primary-color has-text-color\" id=\"h-avis-juridique\"><strong>Avis juridique<\/strong><\/h1>\n\n\n\n<p id=\"block-ef32bbf4-ec83-43e8-aff6-82fb49db8e72\"><\/p>\n\n\n\n<h4 class=\"wp-block-heading\" id=\"block-3a31dc45-23ff-46eb-80b7-f6f7aafb6e51\">Asesoriaorihuelacosta.com<\/h4>\n\n\n\n<h3 class=\"wp-block-heading\" id=\"block-32b6d596-f45c-4be4-a6bf-b0489cfe2704\">I. INFORMATIONS G\u00c9N\u00c9RALES<\/h3>\n\n\n\n<p id=\"block-4e4fcdc0-bc56-4f42-88d8-653c15a97d93\">Conform\u00e9ment \u00e0 l&rsquo;obligation d&rsquo;information pr\u00e9vue par la loi 34\/2002 sur les services de la soci\u00e9t\u00e9 de l&rsquo;information et le commerce \u00e9lectronique (LSSI-CE) du 11 juillet, l&rsquo;information g\u00e9n\u00e9rale suivante est fournie sur ce site Web :<\/p>\n\n\n\n<p id=\"block-9686cd70-b3b2-4c34-b612-328aeede982d\">La propri\u00e9t\u00e9 de ce site web, Asesoriaorihuelacosta.com, (ci-apr\u00e8s le site web) est d\u00e9tenue par : ASESORIA ORIHUELA COSTA SL, avec le NIF : b54585740 et inscrit au Registro Mercantil de Alicante dont le repr\u00e9sentant est : GORDINNE PATRICK RAOUL RENE, et dont les coordonn\u00e9es sont : GORDINNE PATRICK RAOUL RENE, et dont les coordonn\u00e9es sont : GORDINNE PATRICK RAOUL RENE, et dont les coordonn\u00e9es sont : GORDINNE PATRICK RAOUL RENE :<\/p>\n\n\n\n<p id=\"block-a9b6c759-c949-4aea-b089-2f0a4226496c\">Adresse : Av. Adelfas 12 Local 5, Dehesa de Campoamor Orihuela Costa, 03189 (Alicante)<\/p>\n\n\n\n<p id=\"block-144b1932-07b9-41cc-ad0b-91c74c304f66\">T\u00e9l\u00e9phone de contact : 965323126<\/p>\n\n\n\n<p id=\"block-fa339267-0924-4be5-91ba-a3199d7029b5\">Courriel du contact : info@asesoriaorihuelacosta.com<\/p>\n\n\n\n<h3 class=\"wp-block-heading\" id=\"block-aecde853-ed10-42bd-ba7d-2326efae41f1\">II. CONDITIONS G\u00c9N\u00c9RALES D&rsquo;UTILISATION<\/h3>\n\n\n\n<h4 class=\"wp-block-heading\" id=\"block-7cc1ba44-e670-4468-9eee-2f0acdc1dae2\">L&rsquo;objet des conditions g\u00e9n\u00e9rales : Le site web<\/h4>\n\n\n\n<p id=\"block-7dc65271-fe2f-4200-9ad6-f9969475eef0\">Les pr\u00e9sentes conditions g\u00e9n\u00e9rales d&rsquo;utilisation (ci-apr\u00e8s d\u00e9nomm\u00e9es \u00ab\u00a0conditions\u00a0\u00bb) ont pour objet de r\u00e9glementer l&rsquo;acc\u00e8s au site web et son utilisation. Aux fins des pr\u00e9sentes conditions, on entend par site web : l&rsquo;aspect ext\u00e9rieur des interfaces d&rsquo;\u00e9cran, tant statiques que dynamiques, c&rsquo;est-\u00e0-dire l&rsquo;arbre de navigation ; et tous les \u00e9l\u00e9ments int\u00e9gr\u00e9s tant dans les interfaces d&rsquo;\u00e9cran que dans l&rsquo;arbre de navigation (ci-apr\u00e8s, le contenu) et tous les services ou ressources en ligne qui peuvent \u00eatre offerts aux utilisateurs (ci-apr\u00e8s, les services).<\/p>\n\n\n\n<p id=\"block-025d08cd-1900-4a45-ba41-381f4ea3efe8\">Asesor\u00eda Orihuela Costa se r\u00e9serve le droit de modifier, \u00e0 tout moment et sans pr\u00e9avis, la pr\u00e9sentation et la configuration du site web, ainsi que les contenus et les services qui peuvent y \u00eatre incorpor\u00e9s. L&rsquo;utilisateur reconna\u00eet et accepte qu&rsquo;\u00e0 tout moment Asesor\u00eda Orihuela Costa puisse interrompre, d\u00e9sactiver et\/ou annuler n&rsquo;importe lequel de ces \u00e9l\u00e9ments int\u00e9gr\u00e9s au site web ou l&rsquo;acc\u00e8s \u00e0 ceux-ci.<\/p>\n\n\n\n<p id=\"block-21e8c77e-08bd-4b4f-ad74-5a777b69886d\">L&rsquo;acc\u00e8s au site Web par l&rsquo;Utilisateur est gratuit et, en r\u00e8gle g\u00e9n\u00e9rale, il est gratuit sans que l&rsquo;Utilisateur n&rsquo;ait \u00e0 fournir de contrepartie pour en jouir, sauf en ce qui concerne le co\u00fbt de la connexion \u00e0 travers le r\u00e9seau de t\u00e9l\u00e9communications fourni par le fournisseur d&rsquo;acc\u00e8s que l&rsquo;Utilisateur a contract\u00e9.<\/p>\n\n\n\n<p id=\"block-7aa6bd82-6ed8-4b00-bec7-2831dd297cb0\">L&rsquo;utilisation de l&rsquo;un des contenus ou services du site web peut se faire moyennant une souscription ou un enregistrement pr\u00e9alable de la part de l&rsquo;utilisateur.<\/p>\n\n\n\n<h4 class=\"wp-block-heading\" id=\"block-859fce3d-362e-4818-8440-7a5b1d9db259\">L&rsquo;utilisateur<\/h4>\n\n\n\n<p id=\"block-d06ba69d-4f8d-4754-9cc9-37dcb4e4d7a6\">L&rsquo;acc\u00e8s, la navigation et l&rsquo;utilisation du site Web, ainsi que les espaces pr\u00e9vus pour l&rsquo;interaction entre les utilisateurs, l&rsquo;utilisateur et Asesor\u00eda Orihuela Costa, tels que les espaces de commentaires et \/ ou de blogs, conf\u00e8re la condition d&rsquo;utilisateur, de sorte que l&rsquo;utilisateur accepte, d\u00e8s le d\u00e9but de la navigation sur le site Web, toutes les conditions \u00e9nonc\u00e9es dans les pr\u00e9sentes, ainsi que ses modifications ult\u00e9rieures, sans pr\u00e9judice de l&rsquo;application de la r\u00e9glementation l\u00e9gale pertinente de conformit\u00e9 obligatoire, le cas \u00e9ch\u00e9ant. Compte tenu de la pertinence de ce qui pr\u00e9c\u00e8de, il est recommand\u00e9 \u00e0 l&rsquo;utilisateur de le lire chaque fois qu&rsquo;il visite le site Web.<\/p>\n\n\n\n<p id=\"block-285f7ebd-ee7c-4312-aaf9-9054b110b936\">Le site Web d&rsquo;Asesor\u00eda Orihuela Costa fournit un large \u00e9ventail d&rsquo;informations, de services et de donn\u00e9es. L&rsquo;utilisateur assume la responsabilit\u00e9 de l&rsquo;utilisation correcte du site Web. Cette responsabilit\u00e9 s&rsquo;\u00e9tend \u00e0 :<\/p>\n\n\n\n<ul id=\"block-f30b2592-7951-4feb-a053-e4132709a5b7\" class=\"wp-block-list\">\n<li>L&rsquo;utilisation des informations, des contenus et\/ou des services et des donn\u00e9es offerts par Asesor\u00eda Orihuela Costa sans \u00eatre contraire aux dispositions des pr\u00e9sentes conditions, \u00e0 la loi, \u00e0 la morale ou \u00e0 l&rsquo;ordre public, ou qui, de toute autre mani\u00e8re, peut impliquer une atteinte aux droits des tiers ou au fonctionnement m\u00eame du site Web.<\/li>\n\n\n\n<li>La v\u00e9racit\u00e9 et la l\u00e9galit\u00e9 des informations fournies par l&rsquo;Utilisateur dans les formulaires fournis par Asesor\u00eda Orihuela Costa pour l&rsquo;acc\u00e8s \u00e0 certains contenus ou services offerts par le site Web. Dans tous les cas, l&rsquo;Utilisateur notifiera imm\u00e9diatement \u00e0 Asesor\u00eda Orihuela Costa tout fait permettant l&rsquo;utilisation impropre des informations enregistr\u00e9es dans ces formulaires, comme, mais pas seulement, le vol, la perte ou l&rsquo;acc\u00e8s non autoris\u00e9 aux identifiants et\/ou mots de passe, afin de proc\u00e9der \u00e0 son annulation imm\u00e9diate.<\/li>\n<\/ul>\n\n\n\n<p id=\"block-dd6c566e-413e-4550-a74f-6c21b533cc77\">Asesor\u00eda Orihuela Costa se r\u00e9serve le droit de supprimer les commentaires et les contributions qui violent la loi, le respect de la dignit\u00e9 de la personne, qui sont discriminatoires, x\u00e9nophobes, racistes, pornographiques, spamming, qui menacent la jeunesse ou l&rsquo;enfance, l&rsquo;ordre ou la s\u00e9curit\u00e9 publique ou, \u00e0 son avis, ne sont pas adapt\u00e9s \u00e0 la publication.<\/p>\n\n\n\n<p id=\"block-501714ab-7919-493e-9092-2dd18e7985fe\">En tout \u00e9tat de cause, l&rsquo;Asesor\u00eda Orihuela Costa ne sera pas responsable des opinions exprim\u00e9es par les utilisateurs \u00e0 travers les commentaires ou d&rsquo;autres outils de blogging ou de participation qui peuvent exister.<\/p>\n\n\n\n<p id=\"block-2a1e1669-af59-4323-a146-05b3c318f685\">Le simple acc\u00e8s \u00e0 ce site web n&rsquo;implique aucune relation commerciale entre Asesor\u00eda Orihuela Costa et l&rsquo;utilisateur.<\/p>\n\n\n\n<p id=\"block-0ede7c31-5029-43c6-96dc-941d6d464860\">L&rsquo;utilisateur d\u00e9clare \u00eatre majeur et avoir la capacit\u00e9 juridique suffisante pour \u00eatre li\u00e9 par les pr\u00e9sentes conditions. Par cons\u00e9quent, le site Web de l&rsquo;Asesor\u00eda Orihuela Costa n&rsquo;est pas destin\u00e9 aux mineurs et l&rsquo;Asesor\u00eda Orihuela Costa d\u00e9cline toute responsabilit\u00e9 en cas de non-respect de cette exigence.<\/p>\n\n\n\n<h3 class=\"wp-block-heading\" id=\"block-e93f2b32-f107-4415-b578-d35ffb528bac\">III. ACC\u00c8S ET NAVIGATION SUR LE SITE WEB : EXCLUSION DE GARANTIES ET DE RESPONSABILIT\u00c9<\/h3>\n\n\n\n<p id=\"block-05a2dfb4-bbae-4503-8f9b-df7d2372cdb7\">Asesor\u00eda Orihuela Costa ne garantit pas la continuit\u00e9, la disponibilit\u00e9 et l&rsquo;utilit\u00e9 du site Web, ni le contenu ou les services. Asesor\u00eda Orihuela Costa fera tout son possible pour le bon fonctionnement du site Web, mais n&rsquo;est pas responsable ni ne garantit que l&rsquo;acc\u00e8s \u00e0 ce site Web sera ininterrompu ou exempt d&rsquo;erreurs.<\/p>\n\n\n\n<p id=\"block-0239e451-6d26-4653-bca5-506d55e88332\">Asesor\u00eda Orihuela Costa n&rsquo;est pas non plus responsable ni ne garantit que le contenu ou le logiciel auquel il est possible d&rsquo;acc\u00e9der par l&rsquo;interm\u00e9diaire de ce site Web soit exempt d&rsquo;erreurs ou qu&rsquo;il cause des dommages au syst\u00e8me informatique (logiciel et mat\u00e9riel) de l&rsquo;utilisateur. En aucun cas, Asesor\u00eda Orihuela Costa ne sera responsable des pertes ou dommages de toute nature d\u00e9coulant de l&rsquo;acc\u00e8s, de la navigation et de l&rsquo;utilisation du site Web, y compris, mais sans s&rsquo;y limiter, ceux caus\u00e9s aux syst\u00e8mes informatiques ou ceux caus\u00e9s par l&rsquo;introduction de virus.<\/p>\n\n\n\n<p id=\"block-5cf755a1-0d13-46a6-8b37-eb3060ecad7c\">Asesor\u00eda Orihuela Costa n&rsquo;est pas responsable des dommages qui pourraient \u00eatre caus\u00e9s aux utilisateurs par une mauvaise utilisation de ce site Web. En particulier, elle n&rsquo;est en aucun cas responsable des chutes, interruptions, fautes ou d\u00e9fauts de t\u00e9l\u00e9communications qui peuvent se produire.<\/p>\n\n\n\n<h3 class=\"wp-block-heading\" id=\"block-6e2f4a59-f367-4450-87e0-6a1c1c7cc60d\">IV. POLITIQUE DE LIENS<\/h3>\n\n\n\n<p id=\"block-d1b0e703-5bb5-4bbd-a879-0ccacad3fec5\">Nous vous informons que le site Web de Asesor\u00eda Orihuela Costa met ou peut mettre \u00e0 la disposition des utilisateurs des moyens de liaison (tels que, entre autres, des liens, des banni\u00e8res, des boutons), des r\u00e9pertoires et des moteurs de recherche qui permettent aux utilisateurs d&rsquo;acc\u00e9der \u00e0 des sites Web appartenant \u00e0 des tiers et\/ou g\u00e9r\u00e9s par des tiers.<\/p>\n\n\n\n<p id=\"block-72634c77-04b2-4f4e-803d-691c50e8315b\">L&rsquo;installation de ces liens, r\u00e9pertoires et moteurs de recherche sur le site Web a pour but de faciliter la recherche et l&rsquo;acc\u00e8s \u00e0 l&rsquo;information disponible sur Internet, sans \u00eatre consid\u00e9r\u00e9e comme une suggestion, une recommandation ou une invitation \u00e0 les visiter.<\/p>\n\n\n\n<p id=\"block-3750ff59-b2b5-4fd4-9520-9058edaaa4be\">Asesor\u00eda Orihuela Costa n&rsquo;offre ni ne commercialise elle-m\u00eame ou par l&rsquo;interm\u00e9diaire de tiers les produits et\/ou services disponibles sur ces sites li\u00e9s.<\/p>\n\n\n\n<p id=\"block-8c09665e-16b3-4839-b847-3945e7d1316e\">De m\u00eame, elle ne garantit pas la disponibilit\u00e9 technique, l&rsquo;exactitude, la v\u00e9racit\u00e9, la validit\u00e9 ou la l\u00e9galit\u00e9 des sites ext\u00e9rieurs \u00e0 sa propri\u00e9t\u00e9 auxquels il est possible d&rsquo;acc\u00e9der par le biais des liens.<\/p>\n\n\n\n<p id=\"block-fa2dcc96-3ca9-4983-993f-d5821005ae31\">En aucun cas, Asesor\u00eda Orihuela Costa n&rsquo;examinera ou ne contr\u00f4lera le contenu d&rsquo;autres sites Web, ni n&rsquo;approuvera, n&rsquo;examinera ou n&rsquo;approuvera les produits et services, le contenu, les fichiers et tout autre mat\u00e9riel de ces sites li\u00e9s.<\/p>\n\n\n\n<p id=\"block-88cf1104-6356-48d2-8a5f-570b934b163d\">Asesor\u00eda Orihuela Costa n&rsquo;assume aucune responsabilit\u00e9 pour les dommages pouvant d\u00e9couler de l&rsquo;acc\u00e8s, de l&rsquo;utilisation, de la qualit\u00e9 ou de la l\u00e9galit\u00e9 des contenus, des communications, des opinions, des produits et des services des sites Web non g\u00e9r\u00e9s par Asesor\u00eda Orihuela Costa et qui sont li\u00e9s \u00e0 ce site Web.<\/p>\n\n\n\n<p id=\"block-cded5a36-8947-49be-a68a-b4321e82e181\">L&rsquo;utilisateur ou le tiers qui \u00e9tablit un lien hypertexte depuis une page web d&rsquo;un autre site web, diff\u00e9rent, vers le site web d&rsquo;Asesor\u00eda Orihuela Costa doit savoir que :<\/p>\n\n\n\n<p id=\"block-39775960-ae98-46cb-b482-9a62464fd1fe\">La reproduction &#8211; totale ou partielle &#8211; de tout contenu et\/ou service du site Web n&rsquo;est pas permise sans l&rsquo;autorisation expresse de Asesor\u00eda Orihuela Costa.<\/p>\n\n\n\n<p id=\"block-71eb004e-d4b8-4aa3-bd07-5666b226f741\">Aucune d\u00e9claration fausse, inexacte ou incorrecte sur le site Web d&rsquo;Asesor\u00eda Orihuela Costa, ni sur les Contenus et\/ou Services de ce dernier n&rsquo;est autoris\u00e9e.<\/p>\n\n\n\n<p id=\"block-20d52aa2-4ddb-4d71-8620-9a76270702cb\">\u00c0 l&rsquo;exception de l&rsquo;hyperlien, le site Web dans lequel l&rsquo;hyperlien est \u00e9tabli ne contiendra aucun \u00e9l\u00e9ment de ce site Web, prot\u00e9g\u00e9 en tant que propri\u00e9t\u00e9 intellectuelle par le syst\u00e8me juridique espagnol, sauf autorisation expresse de Asesor\u00eda Orihuela Costa.<\/p>\n\n\n\n<p id=\"block-b89cc1d2-cd48-47ed-9052-3617bb32dc86\">L&rsquo;\u00e9tablissement de l&rsquo;hyperlien n&rsquo;implique pas l&rsquo;existence d&rsquo;une relation entre Asesor\u00eda Orihuela Costa et le propri\u00e9taire du site web \u00e0 partir duquel il est \u00e9tabli, ni la connaissance et l&rsquo;acceptation par Asesor\u00eda Orihuela Costa des contenus, services et\/ou activit\u00e9s offerts sur ledit site web, et vice versa.<\/p>\n\n\n\n<h3 class=\"wp-block-heading\" id=\"block-d3f9d941-f095-49d1-984f-40ad3f962816\">V. PROPRI\u00c9T\u00c9 INTELLECTUELLE ET INDUSTRIELLE<\/h3>\n\n\n\n<p id=\"block-6a0c5db6-14db-455d-b0af-bbebcc2b1b6b\">Asesor\u00eda Orihuela Costa est titulaire, elle-m\u00eame ou en tant que cessionnaire, de tous les droits de propri\u00e9t\u00e9 intellectuelle et industrielle du site Web, ainsi que des \u00e9l\u00e9ments qu&rsquo;il contient (y compris, mais sans s&rsquo;y limiter, les images, le son, l&rsquo;audio, la vid\u00e9o, le logiciel ou le texte, les marques ou les logos, les combinaisons de couleurs, la structure et la conception, la s\u00e9lection des mat\u00e9riaux utilis\u00e9s, les programmes informatiques n\u00e9cessaires \u00e0 son fonctionnement, \u00e0 son acc\u00e8s et \u00e0 son utilisation, etc.) ). Il s&rsquo;agit donc d&rsquo;\u0153uvres prot\u00e9g\u00e9es en tant que propri\u00e9t\u00e9 intellectuelle par le syst\u00e8me juridique espagnol, auquel s&rsquo;appliquent les r\u00e9glementations espagnoles et communautaires en la mati\u00e8re, ainsi que les trait\u00e9s internationaux sign\u00e9s par l&rsquo;Espagne en la mati\u00e8re.<\/p>\n\n\n\n<p id=\"block-aae70216-661d-4edb-9889-160bccb26e68\">Tous les droits sont r\u00e9serv\u00e9s. Conform\u00e9ment aux dispositions de la loi sur la propri\u00e9t\u00e9 intellectuelle, la reproduction, la distribution et la communication publique, y compris la mise \u00e0 disposition, de tout ou partie du contenu de ce site Web, \u00e0 des fins commerciales, sur tout support et par tout moyen technique, sans l&rsquo;autorisation de Asesor\u00eda Orihuela Costa, sont express\u00e9ment interdites.<\/p>\n\n\n\n<p id=\"block-841c0d4b-3bf1-4b58-8a6e-89de94cfe41e\">L&rsquo;utilisateur s&rsquo;engage \u00e0 respecter les droits de propri\u00e9t\u00e9 intellectuelle et industrielle de Asesor\u00eda Orihuela Costa. Vous pouvez visualiser les \u00e9l\u00e9ments du site Web ou m\u00eame les imprimer, les copier et les stocker sur le disque dur de votre ordinateur ou de tout autre mat\u00e9riel, \u00e0 condition que ce soit uniquement pour un usage personnel. L&rsquo;utilisateur ne peut toutefois pas supprimer, modifier ou manipuler tout dispositif de protection ou syst\u00e8me de s\u00e9curit\u00e9 install\u00e9 sur le site web.<\/p>\n\n\n\n<p id=\"block-93011583-eacd-4d98-b440-0a4438eaae47\">Si l&rsquo;Utilisateur ou un tiers consid\u00e8re que l&rsquo;un des Contenus du Site Web implique une violation des droits de protection de la propri\u00e9t\u00e9 intellectuelle, il doit en informer imm\u00e9diatement Asesor\u00eda Orihuela Costa aux coordonn\u00e9es indiqu\u00e9es dans la section INFORMATIONS G\u00c9N\u00c9RALES des pr\u00e9sentes Mentions l\u00e9gales et Conditions g\u00e9n\u00e9rales d&rsquo;utilisation.<\/p>\n\n\n\n<h3 class=\"wp-block-heading\" id=\"block-f6fe8158-ac2d-4d1f-85a6-6899e280ed4a\">VI. ACTIONS EN JUSTICE, L\u00c9GISLATION APPLICABLE ET JURIDICTION<\/h3>\n\n\n\n<p id=\"block-47946819-95ca-4833-8fbd-ed80c86385f5\">Asesor\u00eda Orihuela Costa se r\u00e9serve le droit d&rsquo;intenter toute action civile ou p\u00e9nale qu&rsquo;elle jugera n\u00e9cessaire en cas d&rsquo;utilisation inappropri\u00e9e du site Web et de ses contenus, ou en cas de violation des pr\u00e9sentes conditions g\u00e9n\u00e9rales.<\/p>\n\n\n\n<p>La relation entre l&rsquo;utilisateur et Asesor\u00eda Orihuela Costa sera r\u00e9gie par la r\u00e9glementation en vigueur et applicable sur le territoire espagnol. En cas de litige relatif \u00e0 l&rsquo;interpr\u00e9tation et\/ou \u00e0 l&rsquo;application des pr\u00e9sentes conditions, les parties soumettent leurs litiges \u00e0 la juridiction ordinaire des juges et tribunaux comp\u00e9tents en vertu de la loi.<\/p>\n","protected":false},"excerpt":{"rendered":"<p>Avis juridique Asesoriaorihuelacosta.com I. INFORMATIONS G\u00c9N\u00c9RALES Conform\u00e9ment \u00e0 l&rsquo;obligation d&rsquo;information pr\u00e9vue par la loi 34\/2002 sur les services de la soci\u00e9t\u00e9 de l&rsquo;information et le commerce \u00e9lectronique (LSSI-CE) du 11 juillet, l&rsquo;information g\u00e9n\u00e9rale suivante est fournie sur ce site Web : La propri\u00e9t\u00e9 de ce site web, Asesoriaorihuelacosta.com, (ci-apr\u00e8s le site web) est d\u00e9tenue par [&hellip;]<\/p>\n","protected":false},"author":1,"featured_media":0,"parent":0,"menu_order":0,"comment_status":"closed","ping_status":"closed","template":"","meta":{"_eb_attr":"","inline_featured_image":false,"footnotes":""},"class_list":["post-6666","page","type-page","status-publish","hentry"],"yoast_head":"<!-- This site is optimized with the Yoast SEO Premium plugin v24.7 (Yoast SEO v27.3) - https:\/\/yoast.com\/product\/yoast-seo-premium-wordpress\/ -->\n<title>Aviso legal - Asesor\u00eda Orihuela Costa<\/title>\n<meta name=\"robots\" content=\"noindex, follow\" \/>\n<meta property=\"og:locale\" content=\"fr_FR\" \/>\n<meta property=\"og:type\" content=\"article\" \/>\n<meta property=\"og:title\" content=\"Aviso legal\" \/>\n<meta property=\"og:description\" content=\"Avis juridique Asesoriaorihuelacosta.com I. INFORMATIONS G\u00c9N\u00c9RALES Conform\u00e9ment \u00e0 l&rsquo;obligation d&rsquo;information pr\u00e9vue par la loi 34\/2002 sur les services de la soci\u00e9t\u00e9 de l&rsquo;information et le commerce \u00e9lectronique (LSSI-CE) du 11 juillet, l&rsquo;information g\u00e9n\u00e9rale suivante est fournie sur ce site Web : La propri\u00e9t\u00e9 de ce site web, Asesoriaorihuelacosta.com, (ci-apr\u00e8s le site web) est d\u00e9tenue par [&hellip;]\" \/>\n<meta property=\"og:url\" content=\"https:\/\/www.asesoriaorihuelacosta.com\/fr\/aviso-legal\/\" \/>\n<meta property=\"og:site_name\" content=\"Asesor\u00eda Orihuela Costa\" \/>\n<meta property=\"article:publisher\" content=\"https:\/\/www.facebook.com\/asesoriaorihuelacosta\" \/>\n<meta property=\"article:modified_time\" content=\"2024-12-11T18:08:20+00:00\" \/>\n<meta name=\"twitter:card\" content=\"summary_large_image\" \/>\n<meta name=\"twitter:label1\" content=\"Dur\u00e9e de lecture estim\u00e9e\" \/>\n\t<meta name=\"twitter:data1\" content=\"9 minutes\" \/>\n<script type=\"application\/ld+json\" class=\"yoast-schema-graph\">{\"@context\":\"https:\\\/\\\/schema.org\",\"@graph\":[{\"@type\":\"WebPage\",\"@id\":\"https:\\\/\\\/www.asesoriaorihuelacosta.com\\\/fr\\\/aviso-legal\\\/\",\"url\":\"https:\\\/\\\/www.asesoriaorihuelacosta.com\\\/fr\\\/aviso-legal\\\/\",\"name\":\"Aviso legal - Asesor\u00eda Orihuela Costa\",\"isPartOf\":{\"@id\":\"https:\\\/\\\/www.asesoriaorihuelacosta.com\\\/fr\\\/#website\"},\"datePublished\":\"2022-01-31T12:09:35+00:00\",\"dateModified\":\"2024-12-11T18:08:20+00:00\",\"breadcrumb\":{\"@id\":\"https:\\\/\\\/www.asesoriaorihuelacosta.com\\\/fr\\\/aviso-legal\\\/#breadcrumb\"},\"inLanguage\":\"fr-FR\",\"potentialAction\":[{\"@type\":\"ReadAction\",\"target\":[\"https:\\\/\\\/www.asesoriaorihuelacosta.com\\\/fr\\\/aviso-legal\\\/\"]}]},{\"@type\":\"BreadcrumbList\",\"@id\":\"https:\\\/\\\/www.asesoriaorihuelacosta.com\\\/fr\\\/aviso-legal\\\/#breadcrumb\",\"itemListElement\":[{\"@type\":\"ListItem\",\"position\":1,\"name\":\"Home\",\"item\":\"https:\\\/\\\/www.asesoriaorihuelacosta.com\\\/fr\\\/\"},{\"@type\":\"ListItem\",\"position\":2,\"name\":\"Aviso legal\"}]},{\"@type\":\"WebSite\",\"@id\":\"https:\\\/\\\/www.asesoriaorihuelacosta.com\\\/fr\\\/#website\",\"url\":\"https:\\\/\\\/www.asesoriaorihuelacosta.com\\\/fr\\\/\",\"name\":\"https:\\\/\\\/www.asesoriaorihuelacosta.com\\\/\",\"description\":\"Grupo de asesores profesionales\",\"publisher\":{\"@id\":\"https:\\\/\\\/www.asesoriaorihuelacosta.com\\\/fr\\\/#organization\"},\"potentialAction\":[{\"@type\":\"SearchAction\",\"target\":{\"@type\":\"EntryPoint\",\"urlTemplate\":\"https:\\\/\\\/www.asesoriaorihuelacosta.com\\\/fr\\\/?s={search_term_string}\"},\"query-input\":{\"@type\":\"PropertyValueSpecification\",\"valueRequired\":true,\"valueName\":\"search_term_string\"}}],\"inLanguage\":\"fr-FR\"},{\"@type\":\"Organization\",\"@id\":\"https:\\\/\\\/www.asesoriaorihuelacosta.com\\\/fr\\\/#organization\",\"name\":\"Asesor\u00eda Orihuela Costa\",\"url\":\"https:\\\/\\\/www.asesoriaorihuelacosta.com\\\/fr\\\/\",\"logo\":{\"@type\":\"ImageObject\",\"inLanguage\":\"fr-FR\",\"@id\":\"https:\\\/\\\/www.asesoriaorihuelacosta.com\\\/fr\\\/#\\\/schema\\\/logo\\\/image\\\/\",\"url\":\"https:\\\/\\\/www.asesoriaorihuelacosta.com\\\/wp-content\\\/uploads\\\/2022\\\/06\\\/Logo-espa\u5bf8l-asesoriaorihuela.jpg\",\"contentUrl\":\"https:\\\/\\\/www.asesoriaorihuelacosta.com\\\/wp-content\\\/uploads\\\/2022\\\/06\\\/Logo-espa\u5bf8l-asesoriaorihuela.jpg\",\"width\":588,\"height\":136,\"caption\":\"Asesor\u00eda Orihuela Costa\"},\"image\":{\"@id\":\"https:\\\/\\\/www.asesoriaorihuelacosta.com\\\/fr\\\/#\\\/schema\\\/logo\\\/image\\\/\"},\"sameAs\":[\"https:\\\/\\\/www.facebook.com\\\/asesoriaorihuelacosta\"]}]}<\/script>\n<!-- \/ Yoast SEO Premium plugin. -->","yoast_head_json":{"title":"Aviso legal - Asesor\u00eda Orihuela Costa","robots":{"index":"noindex","follow":"follow"},"og_locale":"fr_FR","og_type":"article","og_title":"Aviso legal","og_description":"Avis juridique Asesoriaorihuelacosta.com I. INFORMATIONS G\u00c9N\u00c9RALES Conform\u00e9ment \u00e0 l&rsquo;obligation d&rsquo;information pr\u00e9vue par la loi 34\/2002 sur les services de la soci\u00e9t\u00e9 de l&rsquo;information et le commerce \u00e9lectronique (LSSI-CE) du 11 juillet, l&rsquo;information g\u00e9n\u00e9rale suivante est fournie sur ce site Web : La propri\u00e9t\u00e9 de ce site web, Asesoriaorihuelacosta.com, (ci-apr\u00e8s le site web) est d\u00e9tenue par [&hellip;]","og_url":"https:\/\/www.asesoriaorihuelacosta.com\/fr\/aviso-legal\/","og_site_name":"Asesor\u00eda Orihuela Costa","article_publisher":"https:\/\/www.facebook.com\/asesoriaorihuelacosta","article_modified_time":"2024-12-11T18:08:20+00:00","twitter_card":"summary_large_image","twitter_misc":{"Dur\u00e9e de lecture estim\u00e9e":"9 minutes"},"schema":{"@context":"https:\/\/schema.org","@graph":[{"@type":"WebPage","@id":"https:\/\/www.asesoriaorihuelacosta.com\/fr\/aviso-legal\/","url":"https:\/\/www.asesoriaorihuelacosta.com\/fr\/aviso-legal\/","name":"Aviso legal - Asesor\u00eda Orihuela Costa","isPartOf":{"@id":"https:\/\/www.asesoriaorihuelacosta.com\/fr\/#website"},"datePublished":"2022-01-31T12:09:35+00:00","dateModified":"2024-12-11T18:08:20+00:00","breadcrumb":{"@id":"https:\/\/www.asesoriaorihuelacosta.com\/fr\/aviso-legal\/#breadcrumb"},"inLanguage":"fr-FR","potentialAction":[{"@type":"ReadAction","target":["https:\/\/www.asesoriaorihuelacosta.com\/fr\/aviso-legal\/"]}]},{"@type":"BreadcrumbList","@id":"https:\/\/www.asesoriaorihuelacosta.com\/fr\/aviso-legal\/#breadcrumb","itemListElement":[{"@type":"ListItem","position":1,"name":"Home","item":"https:\/\/www.asesoriaorihuelacosta.com\/fr\/"},{"@type":"ListItem","position":2,"name":"Aviso legal"}]},{"@type":"WebSite","@id":"https:\/\/www.asesoriaorihuelacosta.com\/fr\/#website","url":"https:\/\/www.asesoriaorihuelacosta.com\/fr\/","name":"https:\/\/www.asesoriaorihuelacosta.com\/","description":"Grupo de asesores profesionales","publisher":{"@id":"https:\/\/www.asesoriaorihuelacosta.com\/fr\/#organization"},"potentialAction":[{"@type":"SearchAction","target":{"@type":"EntryPoint","urlTemplate":"https:\/\/www.asesoriaorihuelacosta.com\/fr\/?s={search_term_string}"},"query-input":{"@type":"PropertyValueSpecification","valueRequired":true,"valueName":"search_term_string"}}],"inLanguage":"fr-FR"},{"@type":"Organization","@id":"https:\/\/www.asesoriaorihuelacosta.com\/fr\/#organization","name":"Asesor\u00eda Orihuela Costa","url":"https:\/\/www.asesoriaorihuelacosta.com\/fr\/","logo":{"@type":"ImageObject","inLanguage":"fr-FR","@id":"https:\/\/www.asesoriaorihuelacosta.com\/fr\/#\/schema\/logo\/image\/","url":"https:\/\/www.asesoriaorihuelacosta.com\/wp-content\/uploads\/2022\/06\/Logo-espa\u5bf8l-asesoriaorihuela.jpg","contentUrl":"https:\/\/www.asesoriaorihuelacosta.com\/wp-content\/uploads\/2022\/06\/Logo-espa\u5bf8l-asesoriaorihuela.jpg","width":588,"height":136,"caption":"Asesor\u00eda Orihuela Costa"},"image":{"@id":"https:\/\/www.asesoriaorihuelacosta.com\/fr\/#\/schema\/logo\/image\/"},"sameAs":["https:\/\/www.facebook.com\/asesoriaorihuelacosta"]}]}},"_links":{"self":[{"href":"https:\/\/www.asesoriaorihuelacosta.com\/fr\/wp-json\/wp\/v2\/pages\/6666","targetHints":{"allow":["GET"]}}],"collection":[{"href":"https:\/\/www.asesoriaorihuelacosta.com\/fr\/wp-json\/wp\/v2\/pages"}],"about":[{"href":"https:\/\/www.asesoriaorihuelacosta.com\/fr\/wp-json\/wp\/v2\/types\/page"}],"author":[{"embeddable":true,"href":"https:\/\/www.asesoriaorihuelacosta.com\/fr\/wp-json\/wp\/v2\/users\/1"}],"replies":[{"embeddable":true,"href":"https:\/\/www.asesoriaorihuelacosta.com\/fr\/wp-json\/wp\/v2\/comments?post=6666"}],"version-history":[{"count":9,"href":"https:\/\/www.asesoriaorihuelacosta.com\/fr\/wp-json\/wp\/v2\/pages\/6666\/revisions"}],"predecessor-version":[{"id":36441,"href":"https:\/\/www.asesoriaorihuelacosta.com\/fr\/wp-json\/wp\/v2\/pages\/6666\/revisions\/36441"}],"wp:attachment":[{"href":"https:\/\/www.asesoriaorihuelacosta.com\/fr\/wp-json\/wp\/v2\/media?parent=6666"}],"curies":[{"name":"wp","href":"https:\/\/api.w.org\/{rel}","templated":true}]}}